


{"id":30859,"date":"2016-07-19T10:11:22","date_gmt":"2016-07-19T08:11:22","guid":{"rendered":"https:\/\/www.vossenwheels.ch\/ueber-uns\/warranty"},"modified":"2017-05-09T15:25:30","modified_gmt":"2017-05-09T13:25:30","slug":"warranty","status":"publish","type":"page","link":"https:\/\/www.vossenwheels.ch\/fr\/ueber-uns\/warranty","title":{"rendered":"Garantie"},"content":{"rendered":"<div class=\"animatedParent\" data-sequence=\"300\">\n<div class=\"row-spacefree\">\n<div class=\"col-md-6 form-bg\">\n<div class=\"contactform warranty-inner animated fadeInLeftShort\" data-id=\"1\"><img decoding=\"async\" loading=\"lazy\" class=\"alignnone size-medium wp-image-658\" src=\"https:\/\/www.vossenwheels.ch\/wp-content\/uploads\/2016\/07\/warranty-524x600.png\" alt=\"warranty\" width=\"524\" height=\"600\" srcset=\"https:\/\/www.vossenwheels.ch\/wp-content\/uploads\/2016\/07\/warranty-524x600.png 524w, https:\/\/www.vossenwheels.ch\/wp-content\/uploads\/2016\/07\/warranty-895x1024.png 895w, https:\/\/www.vossenwheels.ch\/wp-content\/uploads\/2016\/07\/warranty.png 1000w\" sizes=\"(max-width: 524px) 100vw, 524px\" \/><\/div>\n<\/div>\n<div class=\"col-md-6 data-bg\">\n<div class=\"contactdata warranty-inner2 animated fadeInRightShort\" data-id=\"1\">\n<h2UNE DES MEILLEURES GARANTIES DU SECTEUR<\/h2>\n<p>Notre garantie refl\u00e8te notre confiance dans la qualit\u00e9 de nos jantes. Chaque jante Vossen est soumise \u00e0 un programme de test et de certification de qualit\u00e9 conforme aux normes les plus \u00e9lev\u00e9es. Ces normes \u00e9lev\u00e9es nous permettent d&rsquo;offrir une garantie de 5 ans, qui compte parmi les meilleures du secteur, ainsi qu&rsquo;une garantie technique \u00e0 vie qui prouvent que nous sommes \u00e0 100% derri\u00e8re notre produit.<\/p>\n<p>Si vous \u00e9tablissez que vos jantes pr\u00e9sentent au cours des 5 premi\u00e8res ann\u00e9es un d\u00e9faut mat\u00e9riel ou un vice de fabrication alors qu&rsquo;elles ont \u00e9t\u00e9 utilis\u00e9es de fa\u00e7on normale et raisonnable et qu&rsquo;elles ont \u00e9t\u00e9 install\u00e9es et entretenues conform\u00e9ment aux sp\u00e9cifications, l&rsquo;entreprise Vossen Wheels vous garantit qu&rsquo;elle les remplacera ou les ragr\u00e9era gratuitement.<\/p>\n<p>Notre garantie technique \u00e0 vie vous garantit le remplacement de vos jantes en cas de d\u00e9faillance structurelle due \u00e0 un d\u00e9faut de construction. Veuillez prendre contact avec nous pour recevoir nos directives concernant la garantie ainsi qu&rsquo;un num\u00e9ro d&rsquo;autorisation de renvoi.<\/p>\n<p>Nous sommes fiers de la garantie que nous offrons \u00e0 nos clients. En fin de compte, une garantie n&rsquo;est qu&rsquo;aussi bonne que l&rsquo;entreprise qui l&rsquo;offre.<\/p>\n<\/div>\n<\/div>\n<\/div>\n<p>&nbsp;<\/p>\n<p><!-- \/.main --><\/p>\n<\/div>\n<p><!-- \/.container --><\/p>\n","protected":false},"excerpt":{"rendered":"","protected":false},"author":1,"featured_media":30861,"parent":30843,"menu_order":0,"comment_status":"open","ping_status":"open","template":"","meta":{"footnotes":""},"_links":{"self":[{"href":"https:\/\/www.vossenwheels.ch\/fr\/wp-json\/wp\/v2\/pages\/30859"}],"collection":[{"href":"https:\/\/www.vossenwheels.ch\/fr\/wp-json\/wp\/v2\/pages"}],"about":[{"href":"https:\/\/www.vossenwheels.ch\/fr\/wp-json\/wp\/v2\/types\/page"}],"author":[{"embeddable":true,"href":"https:\/\/www.vossenwheels.ch\/fr\/wp-json\/wp\/v2\/users\/1"}],"replies":[{"embeddable":true,"href":"https:\/\/www.vossenwheels.ch\/fr\/wp-json\/wp\/v2\/comments?post=30859"}],"version-history":[{"count":3,"href":"https:\/\/www.vossenwheels.ch\/fr\/wp-json\/wp\/v2\/pages\/30859\/revisions"}],"predecessor-version":[{"id":31171,"href":"https:\/\/www.vossenwheels.ch\/fr\/wp-json\/wp\/v2\/pages\/30859\/revisions\/31171"}],"up":[{"embeddable":true,"href":"https:\/\/www.vossenwheels.ch\/fr\/wp-json\/wp\/v2\/pages\/30843"}],"wp:featuredmedia":[{"embeddable":true,"href":"https:\/\/www.vossenwheels.ch\/fr\/wp-json\/wp\/v2\/media\/30861"}],"wp:attachment":[{"href":"https:\/\/www.vossenwheels.ch\/fr\/wp-json\/wp\/v2\/media?parent=30859"}],"curies":[{"name":"wp","href":"https:\/\/api.w.org\/{rel}","templated":true}]}}