


{"id":30903,"date":"2016-11-14T16:30:12","date_gmt":"2016-11-14T14:30:12","guid":{"rendered":"https:\/\/www.vossenwheels.ch\/wheels\/vw-series\/vws1"},"modified":"2017-05-10T15:46:10","modified_gmt":"2017-05-10T13:46:10","slug":"vws1","status":"publish","type":"page","link":"https:\/\/www.vossenwheels.ch\/fr\/wheels\/vw-series\/vws1","title":{"rendered":"VWS-1"},"content":{"rendered":"<h2 style=\"text-align: right;\"><strong>VWS-1\u00a0<\/strong>&#8211; CON\u00c7UE \u00c0 MIAMI &#038; CONSTRUITE \u00c0 OSAKA<\/h2>\n<hr \/>\n<div class=\"hidden-xs hidden-md\">\n<table id=\"tablepress-31\" class=\"tablepress tablepress-id-31\">\n<thead>\n<tr class=\"row-1 odd\">\n\t<th class=\"column-1\"><\/th><th class=\"column-2\"><\/th><th class=\"column-3\">100<\/th><th class=\"column-4\">112<\/th><th class=\"column-5\">114.3<\/th><th class=\"column-6\">115<\/th><th class=\"column-7\">120<\/th><th class=\"column-8\">127<\/th><th class=\"column-9\">130<\/th><th class=\"column-10\">Barell<\/th><th class=\"column-11\">Concave Profile<\/th><th class=\"column-12\">Finish<\/th><th class=\"column-13\">CHF per wheel<\/th>\n<\/tr>\n<\/thead>\n<tbody>\n<tr class=\"row-2 even\">\n\t<td class=\"column-1\">DIM<\/td><td class=\"column-2\"><\/td><td colspan=\"7\" class=\"column-3\">ET<\/td><td class=\"column-10\"><\/td><td class=\"column-11\"><\/td><td class=\"column-12\"><\/td><td class=\"column-13\"><\/td>\n<\/tr>\n<tr class=\"row-3 odd\">\n\t<td class=\"column-1\">7.5 x 19<\/td><td class=\"column-2\"><\/td><td class=\"column-3\">-<\/td><td class=\"column-4\">-<\/td><td class=\"column-5\">-<\/td><td class=\"column-6\">-<\/td><td class=\"column-7\">-<\/td><td class=\"column-8\">-<\/td><td class=\"column-9\">-<\/td><td class=\"column-10\">Standard Flat Lip<\/td><td class=\"column-11\">Flat or deep**<\/td><td class=\"column-12\">Standard***<\/td><td class=\"column-13\">1300.00<\/td>\n<\/tr>\n<tr class=\"row-4 even\">\n\t<td class=\"column-1\">8.0 x 19<\/td><td class=\"column-2\"><\/td><td class=\"column-3\">-<\/td><td class=\"column-4\">-<\/td><td class=\"column-5\">-<\/td><td class=\"column-6\">-<\/td><td class=\"column-7\">-<\/td><td class=\"column-8\">-<\/td><td class=\"column-9\">-<\/td><td class=\"column-10\">Standard Flat Lip<\/td><td class=\"column-11\">Flat or deep**<\/td><td class=\"column-12\">Standard***<\/td><td class=\"column-13\">1300.00<\/td>\n<\/tr>\n<tr class=\"row-5 odd\">\n\t<td class=\"column-1\">8.5 x 19<\/td><td class=\"column-2\"><\/td><td class=\"column-3\">45<\/td><td class=\"column-4\">38\/45<\/td><td class=\"column-5\">32<\/td><td class=\"column-6\">-<\/td><td class=\"column-7\">-<\/td><td class=\"column-8\">-<\/td><td class=\"column-9\"><\/td><td class=\"column-10\">Standard Flat Lip<\/td><td class=\"column-11\">Flat or deep**<\/td><td class=\"column-12\">Standard***<\/td><td class=\"column-13\">1300.00<\/td>\n<\/tr>\n<tr class=\"row-6 even\">\n\t<td class=\"column-1\">9.0 x 19<\/td><td class=\"column-2\"><\/td><td class=\"column-3\">-<\/td><td class=\"column-4\">32<\/td><td class=\"column-5\">32<\/td><td class=\"column-6\">-<\/td><td class=\"column-7\">32<\/td><td class=\"column-8\">-<\/td><td class=\"column-9\"><\/td><td class=\"column-10\">Standard Flat Lip<\/td><td class=\"column-11\">Flat or deep**<\/td><td class=\"column-12\">Standard***<\/td><td class=\"column-13\">1300.00<\/td>\n<\/tr>\n<tr class=\"row-7 odd\">\n\t<td class=\"column-1\">9.5 x 19<\/td><td class=\"column-2\"><\/td><td class=\"column-3\">-<\/td><td class=\"column-4\">40<\/td><td class=\"column-5\"><\/td><td class=\"column-6\">-<\/td><td class=\"column-7\">-<\/td><td class=\"column-8\">-<\/td><td class=\"column-9\"><\/td><td class=\"column-10\">Standard Flat Lip<\/td><td class=\"column-11\">Flat or deep**<\/td><td class=\"column-12\">Standard***<\/td><td class=\"column-13\">1300.00<\/td>\n<\/tr>\n<tr class=\"row-8 even\">\n\t<td class=\"column-1\">10.0 x 19<\/td><td class=\"column-2\"><\/td><td class=\"column-3\">50<\/td><td class=\"column-4\">36\/50<\/td><td class=\"column-5\">36\/48<\/td><td class=\"column-6\">-<\/td><td class=\"column-7\">36<\/td><td class=\"column-8\">-<\/td><td class=\"column-9\"><\/td><td class=\"column-10\">Standard Flat Lip<\/td><td class=\"column-11\">Flat or deep**<\/td><td class=\"column-12\">Standard***<\/td><td class=\"column-13\">1350.00<\/td>\n<\/tr>\n<tr class=\"row-9 odd\">\n\t<td class=\"column-1\">10.5 x 19<\/td><td class=\"column-2\"><\/td><td class=\"column-3\">-<\/td><td class=\"column-4\">-<\/td><td class=\"column-5\"><\/td><td class=\"column-6\">-<\/td><td class=\"column-7\">-<\/td><td class=\"column-8\">-<\/td><td class=\"column-9\">-<\/td><td class=\"column-10\">Standard Flat Lip<\/td><td class=\"column-11\">Flat or deep**<\/td><td class=\"column-12\">Standard***<\/td><td class=\"column-13\">1350.00<\/td>\n<\/tr>\n<tr class=\"row-10 even\">\n\t<td class=\"column-1\">11.0 x 19<\/td><td class=\"column-2\"><\/td><td class=\"column-3\">-<\/td><td class=\"column-4\">-<\/td><td class=\"column-5\"><\/td><td class=\"column-6\">-<\/td><td class=\"column-7\">-<\/td><td class=\"column-8\">-<\/td><td class=\"column-9\"><\/td><td class=\"column-10\">Standard Flat Lip<\/td><td class=\"column-11\">Flat or deep**<\/td><td class=\"column-12\">Standard***<\/td><td class=\"column-13\">1350.00<\/td>\n<\/tr>\n<tr class=\"row-11 odd\">\n\t<td class=\"column-1\">11.5x19<\/td><td class=\"column-2\"><\/td><td class=\"column-3\">50<\/td><td class=\"column-4\">36\/50<\/td><td class=\"column-5\">36\/48<\/td><td class=\"column-6\">-<\/td><td class=\"column-7\">36<\/td><td class=\"column-8\">-<\/td><td class=\"column-9\"><\/td><td class=\"column-10\">Standard Flat Lip<\/td><td class=\"column-11\">Flat or deep**<\/td><td class=\"column-12\">Standard***<\/td><td class=\"column-13\">1400.00<\/td>\n<\/tr>\n<tr class=\"row-12 even\">\n\t<td class=\"column-1\">12x19<\/td><td class=\"column-2\"><\/td><td class=\"column-3\">-<\/td><td class=\"column-4\">-<\/td><td class=\"column-5\"><\/td><td class=\"column-6\">-<\/td><td class=\"column-7\">-<\/td><td class=\"column-8\">-<\/td><td class=\"column-9\">-<\/td><td class=\"column-10\">Standard Flat Lip<\/td><td class=\"column-11\">Flat or deep**<\/td><td class=\"column-12\">Standard***<\/td><td class=\"column-13\">1400.00<\/td>\n<\/tr>\n<tr class=\"row-13 odd\">\n\t<td class=\"column-1\">12.5x19<\/td><td class=\"column-2\"><\/td><td class=\"column-3\">-<\/td><td class=\"column-4\">-<\/td><td class=\"column-5\"><\/td><td class=\"column-6\">-<\/td><td class=\"column-7\">-<\/td><td class=\"column-8\">-<\/td><td class=\"column-9\">-<\/td><td class=\"column-10\">Standard Flat Lip<\/td><td class=\"column-11\">Flat or deep**<\/td><td class=\"column-12\">Standard***<\/td><td class=\"column-13\">1400.00<\/td>\n<\/tr>\n<tr class=\"row-14 even\">\n\t<td class=\"column-1\">8.0 x 20<\/td><td class=\"column-2\"><\/td><td class=\"column-3\">-<\/td><td class=\"column-4\">-<\/td><td class=\"column-5\">-<\/td><td class=\"column-6\">-<\/td><td class=\"column-7\"><\/td><td class=\"column-8\">-<\/td><td class=\"column-9\">-<\/td><td class=\"column-10\">Steplip \/ Stufenbett<\/td><td class=\"column-11\">Flat or deep**<\/td><td class=\"column-12\">Standard***<\/td><td class=\"column-13\">1350.00<\/td>\n<\/tr>\n<tr class=\"row-15 odd\">\n\t<td class=\"column-1\">8.5 x 20<\/td><td class=\"column-2\"><\/td><td class=\"column-3\">-<\/td><td class=\"column-4\">38<\/td><td class=\"column-5\">-<\/td><td class=\"column-6\">-<\/td><td class=\"column-7\">-<\/td><td class=\"column-8\">-<\/td><td class=\"column-9\">44<\/td><td class=\"column-10\">Steplip \/ Stufenbett<\/td><td class=\"column-11\">Flat or deep**<\/td><td class=\"column-12\">Standard***<\/td><td class=\"column-13\">1350.00<\/td>\n<\/tr>\n<tr class=\"row-16 even\">\n\t<td class=\"column-1\">9.0 x 20<\/td><td class=\"column-2\"><\/td><td class=\"column-3\">-<\/td><td class=\"column-4\">45\/38\/32<\/td><td class=\"column-5\">32\/38<\/td><td class=\"column-6\">15<\/td><td class=\"column-7\">32<\/td><td class=\"column-8\">-<\/td><td class=\"column-9\">-<\/td><td class=\"column-10\">Steplip \/ Stufenbett<\/td><td class=\"column-11\">Flat or deep**<\/td><td class=\"column-12\">Standard***<\/td><td class=\"column-13\">1350.00<\/td>\n<\/tr>\n<tr class=\"row-17 odd\">\n\t<td class=\"column-1\">9.5 x 20<\/td><td class=\"column-2\"><\/td><td class=\"column-3\">-<\/td><td class=\"column-4\">40<\/td><td class=\"column-5\">25\/32<\/td><td class=\"column-6\">-<\/td><td class=\"column-7\">16<\/td><td class=\"column-8\">-<\/td><td class=\"column-9\">-<\/td><td class=\"column-10\">Steplip \/ Stufenbett<\/td><td class=\"column-11\">Flat or deep**<\/td><td class=\"column-12\">Standard***<\/td><td class=\"column-13\">1350.00<\/td>\n<\/tr>\n<tr class=\"row-18 even\">\n\t<td class=\"column-1\">10 x 20<\/td><td class=\"column-2\"><\/td><td class=\"column-3\">-<\/td><td class=\"column-4\">48<\/td><td class=\"column-5\">25\/30<\/td><td class=\"column-6\">-<\/td><td class=\"column-7\">45<\/td><td class=\"column-8\">-<\/td><td class=\"column-9\">-<\/td><td class=\"column-10\">Steplip \/ Stufenbett<\/td><td class=\"column-11\">Flat or deep**<\/td><td class=\"column-12\">Standard***<\/td><td class=\"column-13\">1400.00<\/td>\n<\/tr>\n<tr class=\"row-19 odd\">\n\t<td class=\"column-1\">10.5 x 20<\/td><td class=\"column-2\"><\/td><td class=\"column-3\">-<\/td><td class=\"column-4\">42\/30<\/td><td class=\"column-5\">45\/30<\/td><td class=\"column-6\">20<\/td><td class=\"column-7\">42<\/td><td class=\"column-8\">-<\/td><td class=\"column-9\">-<\/td><td class=\"column-10\">Steplip \/ Stufenbett<\/td><td class=\"column-11\">Flat or deep**<\/td><td class=\"column-12\">Standard***<\/td><td class=\"column-13\">1400.00<\/td>\n<\/tr>\n<tr class=\"row-20 even\">\n\t<td class=\"column-1\">11.0x20<\/td><td class=\"column-2\"><\/td><td class=\"column-3\"><\/td><td class=\"column-4\">37<\/td><td class=\"column-5\">-<\/td><td class=\"column-6\">-<\/td><td class=\"column-7\">35<\/td><td class=\"column-8\">-<\/td><td class=\"column-9\">55<\/td><td class=\"column-10\">Steplip \/ Stufenbett<\/td><td class=\"column-11\">Flat or deep**<\/td><td class=\"column-12\">Standard***<\/td><td class=\"column-13\">1400.00<\/td>\n<\/tr>\n<tr class=\"row-21 odd\">\n\t<td class=\"column-1\">11.5x20<\/td><td class=\"column-2\"><\/td><td class=\"column-3\"><\/td><td class=\"column-4\">43<\/td><td class=\"column-5\"><\/td><td class=\"column-6\"><\/td><td class=\"column-7\"><\/td><td class=\"column-8\"><\/td><td class=\"column-9\"><\/td><td class=\"column-10\">Steplip \/ Stufenbett<\/td><td class=\"column-11\">Flat or deep**<\/td><td class=\"column-12\">Standard***<\/td><td class=\"column-13\">1450.00<\/td>\n<\/tr>\n<tr class=\"row-22 even\">\n\t<td class=\"column-1\">12.0 x 20<\/td><td class=\"column-2\"><\/td><td class=\"column-3\">-<\/td><td class=\"column-4\">-<\/td><td class=\"column-5\">30<\/td><td class=\"column-6\">-<\/td><td class=\"column-7\">-<\/td><td class=\"column-8\">44<\/td><td class=\"column-9\"><\/td><td class=\"column-10\">Steplip \/ Stufenbett<\/td><td class=\"column-11\">Flat or deep**<\/td><td class=\"column-12\">Standard***<\/td><td class=\"column-13\">1450.00<\/td>\n<\/tr>\n<tr class=\"row-23 odd\">\n\t<td class=\"column-1\">12.5x20<\/td><td class=\"column-2\"><\/td><td class=\"column-3\">-<\/td><td class=\"column-4\">-<\/td><td class=\"column-5\">-<\/td><td class=\"column-6\">-<\/td><td class=\"column-7\"><\/td><td class=\"column-8\">-<\/td><td class=\"column-9\">-<\/td><td class=\"column-10\">Steplip \/ Stufenbett<\/td><td class=\"column-11\">Flat or deep**<\/td><td class=\"column-12\">Standard***<\/td><td class=\"column-13\">1450.00<\/td>\n<\/tr>\n<tr class=\"row-24 even\">\n\t<td class=\"column-1\"><\/td><td class=\"column-2\"><\/td><td class=\"column-3\"><\/td><td class=\"column-4\"><\/td><td class=\"column-5\"><\/td><td class=\"column-6\"><\/td><td class=\"column-7\"><\/td><td class=\"column-8\"><\/td><td class=\"column-9\"><\/td><td class=\"column-10\"><\/td><td class=\"column-11\"><\/td><td class=\"column-12\"><\/td><td class=\"column-13\"><\/td>\n<\/tr>\n<tr class=\"row-25 odd\">\n\t<td colspan=\"13\" class=\"column-1\">Blank 5-Hole 98 - 130 \/ ET und Lochkreis Variabel \/ factory order about 6-10 weeks<\/td>\n<\/tr>\n<tr class=\"row-26 even\">\n\t<td colspan=\"13\" class=\"column-1\">** flat or deep Profil abh\u00e4ngig von Fzg. und Applikation<\/td>\n<\/tr>\n<tr class=\"row-27 odd\">\n\t<td colspan=\"13\" class=\"column-1\">** Standard Finish: Felgensch\u00fcssel Poliert Anodisiert und Stern Silber oder Gunmetal Matt <\/td>\n<\/tr>\n<\/tbody>\n<\/table>\n<!-- #tablepress-31 from cache --><\/div>\n<div class=\"visible-xs visible-md\">\n<table id=\"tablepress-32\" class=\"tablepress tablepress-id-32\">\n<thead>\n<tr class=\"row-1 odd\">\n\t<th class=\"column-1\"><\/th><th class=\"column-2\">Barell \/ Felgensch\u00fcssel<\/th><th class=\"column-3\">CHF per wheel<\/th>\n<\/tr>\n<\/thead>\n<tbody>\n<tr class=\"row-2 even\">\n\t<td class=\"column-1\">DIM<\/td><td class=\"column-2\"><\/td><td class=\"column-3\"><\/td>\n<\/tr>\n<tr class=\"row-3 odd\">\n\t<td class=\"column-1\">7.5 x 19<\/td><td class=\"column-2\">Standard Flat Lip<\/td><td class=\"column-3\">1300.00<\/td>\n<\/tr>\n<tr class=\"row-4 even\">\n\t<td class=\"column-1\">8.0 x 19<\/td><td class=\"column-2\">Standard Flat Lip<\/td><td class=\"column-3\">1300.00<\/td>\n<\/tr>\n<tr class=\"row-5 odd\">\n\t<td class=\"column-1\">8.5 x 19<\/td><td class=\"column-2\">Standard Flat Lip<\/td><td class=\"column-3\">1300.00<\/td>\n<\/tr>\n<tr class=\"row-6 even\">\n\t<td class=\"column-1\">9.0 x 19<\/td><td class=\"column-2\">Standard Flat Lip<\/td><td class=\"column-3\">1300.00<\/td>\n<\/tr>\n<tr class=\"row-7 odd\">\n\t<td class=\"column-1\">9.5 x 19<\/td><td class=\"column-2\">Standard Flat Lip<\/td><td class=\"column-3\">1300.00<\/td>\n<\/tr>\n<tr class=\"row-8 even\">\n\t<td class=\"column-1\">10.0 x 19<\/td><td class=\"column-2\">Standard Flat Lip<\/td><td class=\"column-3\">1350.00<\/td>\n<\/tr>\n<tr class=\"row-9 odd\">\n\t<td class=\"column-1\">10.5 x 19<\/td><td class=\"column-2\">Standard Flat Lip<\/td><td class=\"column-3\">1350.00<\/td>\n<\/tr>\n<tr class=\"row-10 even\">\n\t<td class=\"column-1\">11.0 x 19<\/td><td class=\"column-2\">Standard Flat Lip<\/td><td class=\"column-3\">1350.00<\/td>\n<\/tr>\n<tr class=\"row-11 odd\">\n\t<td class=\"column-1\">11.5x19<\/td><td class=\"column-2\">Standard Flat Lip<\/td><td class=\"column-3\">1400.00<\/td>\n<\/tr>\n<tr class=\"row-12 even\">\n\t<td class=\"column-1\">12x19<\/td><td class=\"column-2\">Standard Flat Lip<\/td><td class=\"column-3\">1400.00<\/td>\n<\/tr>\n<tr class=\"row-13 odd\">\n\t<td class=\"column-1\">12.5x19<\/td><td class=\"column-2\">Standard Flat Lip<\/td><td class=\"column-3\">1400.00<\/td>\n<\/tr>\n<tr class=\"row-14 even\">\n\t<td class=\"column-1\">8.0 x 20<\/td><td class=\"column-2\">Steplip \/ Stufenbett<\/td><td class=\"column-3\">1350.00<\/td>\n<\/tr>\n<tr class=\"row-15 odd\">\n\t<td class=\"column-1\">8.5 x 20<\/td><td class=\"column-2\">Steplip \/ Stufenbett<\/td><td class=\"column-3\">1350.00<\/td>\n<\/tr>\n<tr class=\"row-16 even\">\n\t<td class=\"column-1\">9.0 x 20<\/td><td class=\"column-2\">Steplip \/ Stufenbett<\/td><td class=\"column-3\">1350.00<\/td>\n<\/tr>\n<tr class=\"row-17 odd\">\n\t<td class=\"column-1\">9.5 x 20<\/td><td class=\"column-2\">Steplip \/ Stufenbett<\/td><td class=\"column-3\">1350.00<\/td>\n<\/tr>\n<tr class=\"row-18 even\">\n\t<td class=\"column-1\">10 x 20<\/td><td class=\"column-2\">Steplip \/ Stufenbett<\/td><td class=\"column-3\">1400.00<\/td>\n<\/tr>\n<tr class=\"row-19 odd\">\n\t<td class=\"column-1\">10.5 x 20<\/td><td class=\"column-2\">Steplip \/ Stufenbett<\/td><td class=\"column-3\">1400.00<\/td>\n<\/tr>\n<tr class=\"row-20 even\">\n\t<td class=\"column-1\">11.0x20<\/td><td class=\"column-2\">Steplip \/ Stufenbett<\/td><td class=\"column-3\">1400.00<\/td>\n<\/tr>\n<tr class=\"row-21 odd\">\n\t<td class=\"column-1\">11.5x20<\/td><td class=\"column-2\">Steplip \/ Stufenbett<\/td><td class=\"column-3\">1450.00<\/td>\n<\/tr>\n<tr class=\"row-22 even\">\n\t<td class=\"column-1\">12.0 x 20<\/td><td class=\"column-2\">Steplip \/ Stufenbett<\/td><td class=\"column-3\">1450.00<\/td>\n<\/tr>\n<tr class=\"row-23 odd\">\n\t<td class=\"column-1\">12.5x20<\/td><td class=\"column-2\">Steplip \/ Stufenbett<\/td><td class=\"column-3\">1450.00<\/td>\n<\/tr>\n<tr class=\"row-24 even\">\n\t<td class=\"column-1\"><\/td><td class=\"column-2\"><\/td><td class=\"column-3\"><\/td>\n<\/tr>\n<tr class=\"row-25 odd\">\n\t<td colspan=\"3\" class=\"column-1\">Blank 5-Hole 98 - 130 \/ ET und Lochkreis Variabel \/ factory order about 6-10 weeks<\/td>\n<\/tr>\n<tr class=\"row-26 even\">\n\t<td colspan=\"3\" class=\"column-1\"> flat or deep Profil abh\u00e4ngig von Fzg. und Applikation<\/td>\n<\/tr>\n<tr class=\"row-27 odd\">\n\t<td colspan=\"3\" class=\"column-1\">Standard Finish: Felgensch\u00fcssel Poliert Anodisiert und Stern Silber oder Gunmetal Matt<\/td>\n<\/tr>\n<\/tbody>\n<\/table>\n<!-- #tablepress-32 from cache --><\/div>\n<p>\nLa s\u00e9rie Vossen &#038; Works tire ses racines de bien plus loin que d&rsquo;une simple collaboration entre deux entreprises. La compr\u00e9hension par WORK du processus prot\u00e9g\u00e9 de construction des jantes en deux parties a ouvert beaucoup de portes au d\u00e9partement design et a conduit en fin de compte \u00e0 un style et \u00e0 une construction qui ne peuvent pas \u00eatre copi\u00e9es autrement.<\/p>\n<p>Les param\u00e8tres de la configuration des jantes en deux parties ont \u00e9t\u00e9 travaill\u00e9s, ce qui a permis de d\u00e9velopper un \u00e9ventail de trois styles de jantes diff\u00e9rents, avec des designs \u00e0 5 ou 10 rayons ou en filets.<\/p>\n<p>La palette de deux types de jantes et de trois configurations, permet de d\u00e9velopper chaque design de jante, auquel s&rsquo;ajoutent six surfaces et 15 embouts centraux. de fa\u00e7on unique. <\/p>\n<p style=\"text-align: right;\"><a class=\"btn btn-primary\" href=\"https:\/\/www.vossenwheels.ch\/fr\/wheels\/vw-series\/vws-custom-finishes\">Custom Finishes<\/a><\/p>\n<p style=\"text-align: right;\"><a class=\"btn btn-primary\" href=\"\/fr\/contact\">Demander une offre<\/a><\/p>\n","protected":false},"excerpt":{"rendered":"<p>VWS-1\u00a0&#8211; CON\u00c7UE \u00c0 MIAMI &#038; CONSTRUITE \u00c0 OSAKA La s\u00e9rie Vossen &#038; Works tire ses racines de bien plus loin que d&rsquo;une simple collaboration entre deux entreprises. La compr\u00e9hension par WORK du processus prot\u00e9g\u00e9 de construction des jantes en deux parties a ouvert beaucoup de portes au d\u00e9partement design et a conduit en fin de [&hellip;]<\/p>\n","protected":false},"author":1,"featured_media":0,"parent":30883,"menu_order":0,"comment_status":"open","ping_status":"open","template":"page-product-single.php","meta":{"footnotes":""},"_links":{"self":[{"href":"https:\/\/www.vossenwheels.ch\/fr\/wp-json\/wp\/v2\/pages\/30903"}],"collection":[{"href":"https:\/\/www.vossenwheels.ch\/fr\/wp-json\/wp\/v2\/pages"}],"about":[{"href":"https:\/\/www.vossenwheels.ch\/fr\/wp-json\/wp\/v2\/types\/page"}],"author":[{"embeddable":true,"href":"https:\/\/www.vossenwheels.ch\/fr\/wp-json\/wp\/v2\/users\/1"}],"replies":[{"embeddable":true,"href":"https:\/\/www.vossenwheels.ch\/fr\/wp-json\/wp\/v2\/comments?post=30903"}],"version-history":[{"count":2,"href":"https:\/\/www.vossenwheels.ch\/fr\/wp-json\/wp\/v2\/pages\/30903\/revisions"}],"predecessor-version":[{"id":31186,"href":"https:\/\/www.vossenwheels.ch\/fr\/wp-json\/wp\/v2\/pages\/30903\/revisions\/31186"}],"up":[{"embeddable":true,"href":"https:\/\/www.vossenwheels.ch\/fr\/wp-json\/wp\/v2\/pages\/30883"}],"wp:attachment":[{"href":"https:\/\/www.vossenwheels.ch\/fr\/wp-json\/wp\/v2\/media?parent=30903"}],"curies":[{"name":"wp","href":"https:\/\/api.w.org\/{rel}","templated":true}]}}