


{"id":49163,"date":"2018-03-29T09:30:30","date_gmt":"2018-03-29T07:30:30","guid":{"rendered":"https:\/\/www.vossenwheels.ch\/wheels\/cg-series\/cg-202-3piece"},"modified":"2018-03-29T09:30:30","modified_gmt":"2018-03-29T07:30:30","slug":"cg-202-3piece","status":"publish","type":"page","link":"https:\/\/www.vossenwheels.ch\/fr\/wheels\/cg-series\/cg-202-3piece","title":{"rendered":"CG-202 (3-Piece)"},"content":{"rendered":"<h2 style=\"text-align: right;\"><strong> CG-202 (3-Piece)\u00a0<\/strong>&#8211; ENGINEERED ART<\/h2>\n<hr \/>\n<p>\n<table id=\"tablepress-55\" class=\"tablepress tablepress-id-55\">\n<thead>\n<tr class=\"row-1 odd\">\n\t<th colspan=\"6\" class=\"column-1\">Dimensions<\/th>\n<\/tr>\n<\/thead>\n<tbody>\n<tr class=\"row-2 even\">\n\t<td class=\"column-1\">18\"<\/td><td class=\"column-2\">19\"<\/td><td class=\"column-3\">20\"<\/td><td class=\"column-4\">21\"<\/td><td class=\"column-5\">22\"<\/td><td class=\"column-6\">24\"<\/td>\n<\/tr>\n<tr class=\"row-3 odd\">\n\t<td class=\"column-1\">CHF 2\u2018900.-<\/td><td class=\"column-2\">CHF 3\u2018000.-<br \/>\n<\/td><td class=\"column-3\">CHF 3\u2018100.-<\/td><td class=\"column-4\">CHF 3\u2018200.-<\/td><td class=\"column-5\">CHF 3\u2018300.-<\/td><td class=\"column-6\">CHF 3\u2018400.-<\/td>\n<\/tr>\n<tr class=\"row-4 even\">\n\t<td colspan=\"6\" class=\"column-1\">per wheel\/ all dimensions<\/td>\n<\/tr>\n<\/tbody>\n<\/table>\n\n<table id=\"tablepress-49\" class=\"tablepress tablepress-id-49\">\n<thead>\n<tr class=\"row-1 odd\">\n\t<th class=\"column-1\">FELGENOPTIONEN<\/th><th class=\"column-2\"><\/th><th class=\"column-3\"><\/th><th class=\"column-4\"><\/th>\n<\/tr>\n<\/thead>\n<tbody class=\"row-hover\">\n<tr class=\"row-2 even\">\n\t<td class=\"column-1\">P\/N<\/td><td class=\"column-2\">Option<\/td><td class=\"column-3\">Beschreibung<\/td><td class=\"column-4\">Pro Felge<\/td>\n<\/tr>\n<tr class=\"row-3 odd\">\n\t<td class=\"column-1\">W03<\/td><td class=\"column-2\">Entlastungstaschen<\/td><td class=\"column-3\">In die hintere Radst\u00fctze gefr\u00e4ste, das Gewicht reduzierende Taschen<\/td><td class=\"column-4\">Inklusive<\/td>\n<\/tr>\n<tr class=\"row-4 even\">\n\t<td class=\"column-1\">W04<\/td><td class=\"column-2\">OEM Schrauben \/ Muttern<\/td><td class=\"column-3\">Maschinelle Haltevorrichtungsl\u00f6cher f\u00fcr die Verwendung mit Radbefestigungen vom Erstausr\u00fcster<\/td><td class=\"column-4\">CHF 126.\u2013<\/td>\n<\/tr>\n<tr class=\"row-5 odd\">\n\t<td class=\"column-1\">W05<\/td><td class=\"column-2\">OEM Center Cap<\/td><td class=\"column-3\">Maschinelle Nabenverzierung f\u00fcr die Verwendung mit der Nabenkappe vom Erstausr\u00fcster<\/td><td class=\"column-4\">CHF 150.\u2013<\/td>\n<\/tr>\n<tr class=\"row-6 even\">\n\t<td class=\"column-1\">W06<\/td><td class=\"column-2\">Center Lock<\/td><td class=\"column-3\">Gesamtes Raddesign modifiziert f\u00fcr Center Lock (erfordert Entlastungstaschen \/ Option W03)<\/td><td class=\"column-4\">CHF 150.\u2013<\/td>\n<\/tr>\n<tr class=\"row-7 odd\">\n\t<td class=\"column-1\">W07-A<\/td><td class=\"column-2\">Cap Finish - Standard<\/td><td class=\"column-3\">Option 1: Poliert \/ Geb\u00fcrstet mit rotem \u201eV\u02bc-Schild<\/td><td class=\"column-4\">Inklusive<\/td>\n<\/tr>\n<tr class=\"row-8 even\">\n\t<td class=\"column-1\">W07-B<\/td><td class=\"column-2\">Cap Finish - Farblich angepasst<\/td><td class=\"column-3\">Option 2: Farblich passend zu Rad mit rotem \u201eV\u02bc-Schild<\/td><td class=\"column-4\">Inklusive<\/td>\n<\/tr>\n<tr class=\"row-9 odd\">\n\t<td class=\"column-1\">W15-A<\/td><td class=\"column-2\">Radbefestigungen - Standard<\/td><td class=\"column-3\">Edelstahl (rostfrei)<\/td><td class=\"column-4\">Inklusive<\/td>\n<\/tr>\n<tr class=\"row-10 even\">\n\t<td class=\"column-1\">W15-B<\/td><td class=\"column-2\">Radbefestigungen - Custom<\/td><td class=\"column-3\">Beliebige undurchsichtige oder transparente, farbige Pulverbeschichtung<\/td><td class=\"column-4\">CHF 140.\u2013<\/td>\n<\/tr>\n<\/tbody>\n<\/table>\n\n<table id=\"tablepress-50\" class=\"tablepress tablepress-id-50\">\n<thead>\n<tr class=\"row-1 odd\">\n\t<th class=\"column-1\">Finish OPTIONEN<\/th><th class=\"column-2\"><\/th><th class=\"column-3\"><\/th>\n<\/tr>\n<\/thead>\n<tbody class=\"row-hover\">\n<tr class=\"row-2 even\">\n\t<td class=\"column-1\">P\/N<\/td><td class=\"column-2\">Beschreibung<\/td><td class=\"column-3\">Pro Felge<\/td>\n<\/tr>\n<tr class=\"row-3 odd\">\n\t<td class=\"column-1\">Center (Nabe)<\/td><td class=\"column-2\"><\/td><td class=\"column-3\"><\/td>\n<\/tr>\n<tr class=\"row-4 even\">\n\t<td class=\"column-1\">F01<\/td><td class=\"column-2\">Beliebige undurchsichtige Pulverbeschichtung in Hochglanz, Satin, Matt oder Texturiert<\/td><td class=\"column-3\">Inklusive<\/td>\n<\/tr>\n<tr class=\"row-5 odd\">\n\t<td class=\"column-1\">F02<\/td><td class=\"column-2\">Farbige Pulverbeschichtung in Geb\u00fcrstet \/ Klarglanz oder Transparent<\/td><td class=\"column-3\">CHF 595.\u2013<\/td>\n<\/tr>\n<tr class=\"row-6 even\">\n\t<td class=\"column-1\">F03<\/td><td class=\"column-2\">Farbige Pulverbeschichtung in Poliert \/ Klarglanz oder Transparent<\/td><td class=\"column-3\">CHF 595.\u2013<\/td>\n<\/tr>\n<tr class=\"row-7 odd\">\n\t<td class=\"column-1\">F04<\/td><td class=\"column-2\">Farbige Pulverbeschichtung in Poliert \/ Klarglanz \/ Front Geb\u00fcrstet<\/td><td class=\"column-3\">CHF 685.\u2013<\/td>\n<\/tr>\n<tr class=\"row-8 even\">\n\t<td class=\"column-1\"><\/td><td class=\"column-2\"><\/td><td class=\"column-3\"><\/td>\n<\/tr>\n<tr class=\"row-9 odd\">\n\t<td class=\"column-1\">Outer (Lip)<\/td><td class=\"column-2\"><\/td><td class=\"column-3\"><\/td>\n<\/tr>\n<tr class=\"row-10 even\">\n\t<td class=\"column-1\">FOS<\/td><td class=\"column-2\">Beliebige undurchsichtige Pulverbeschichtung in Hochglanz, Satin, Matt oder Texturiert<\/td><td class=\"column-3\">Inklusive<\/td>\n<\/tr>\n<tr class=\"row-11 odd\">\n\t<td class=\"column-1\">FOB<\/td><td class=\"column-2\">Farbige Pulverbeschichtung in Geb\u00fcrstet \/ Klarglanz oder Transparent<\/td><td class=\"column-3\">CHF 210.\u2013<\/td>\n<\/tr>\n<tr class=\"row-12 even\">\n\t<td class=\"column-1\">FOP<\/td><td class=\"column-2\">Farbige Pulverbeschichtung in Poliert \/ Klarglanz oder Transparent<\/td><td class=\"column-3\">CHF 210.\u2013<\/td>\n<\/tr>\n<tr class=\"row-13 odd\">\n\t<td class=\"column-1\"><\/td><td class=\"column-2\"><\/td><td class=\"column-3\"><\/td>\n<\/tr>\n<tr class=\"row-14 even\">\n\t<td class=\"column-1\">Inner<\/td><td class=\"column-2\"><\/td><td class=\"column-3\"><\/td>\n<\/tr>\n<tr class=\"row-15 odd\">\n\t<td class=\"column-1\">FIS-A<\/td><td class=\"column-2\">Satin Black<\/td><td class=\"column-3\">Inklusive<\/td>\n<\/tr>\n<tr class=\"row-16 even\">\n\t<td class=\"column-1\">FIS-B<\/td><td class=\"column-2\">Beliebige Glanz-, Satin-, matte oder texturierte farbige Pulverbeschichtung<\/td><td class=\"column-3\">CHF 120.\u2013<\/td>\n<\/tr>\n<tr class=\"row-17 odd\">\n\t<td class=\"column-1\">FIS<\/td><td class=\"column-2\">Farbige Pulverbeschichtung in Geb\u00fcrstet \/ Klarglanz oder Transparent<\/td><td class=\"column-3\">CHF 180.\u2013<\/td>\n<\/tr>\n<\/tbody>\n<\/table>\n<\/p>\n<p style=\"text-align: right;\"><a class=\"btn btn-primary\" href=\"\/contact\">Angebot anfordern<\/a><\/p>\n","protected":false},"excerpt":{"rendered":"<p>CG-202 (3-Piece)\u00a0&#8211; ENGINEERED ART Angebot anfordern<\/p>\n","protected":false},"author":1,"featured_media":0,"parent":30885,"menu_order":12,"comment_status":"open","ping_status":"open","template":"page-product-single.php","meta":{"footnotes":""},"_links":{"self":[{"href":"https:\/\/www.vossenwheels.ch\/fr\/wp-json\/wp\/v2\/pages\/49163"}],"collection":[{"href":"https:\/\/www.vossenwheels.ch\/fr\/wp-json\/wp\/v2\/pages"}],"about":[{"href":"https:\/\/www.vossenwheels.ch\/fr\/wp-json\/wp\/v2\/types\/page"}],"author":[{"embeddable":true,"href":"https:\/\/www.vossenwheels.ch\/fr\/wp-json\/wp\/v2\/users\/1"}],"replies":[{"embeddable":true,"href":"https:\/\/www.vossenwheels.ch\/fr\/wp-json\/wp\/v2\/comments?post=49163"}],"version-history":[{"count":0,"href":"https:\/\/www.vossenwheels.ch\/fr\/wp-json\/wp\/v2\/pages\/49163\/revisions"}],"up":[{"embeddable":true,"href":"https:\/\/www.vossenwheels.ch\/fr\/wp-json\/wp\/v2\/pages\/30885"}],"wp:attachment":[{"href":"https:\/\/www.vossenwheels.ch\/fr\/wp-json\/wp\/v2\/media?parent=49163"}],"curies":[{"name":"wp","href":"https:\/\/api.w.org\/{rel}","templated":true}]}}