


{"id":49757,"date":"2018-05-23T10:30:47","date_gmt":"2018-05-23T08:30:47","guid":{"rendered":"https:\/\/www.vossenwheels.ch\/impressum"},"modified":"2023-12-05T10:45:21","modified_gmt":"2023-12-05T08:45:21","slug":"impressum","status":"publish","type":"page","link":"https:\/\/www.vossenwheels.ch\/fr\/impressum","title":{"rendered":"Impressum"},"content":{"rendered":"<p><strong>Alurad.ch AG<br \/><\/strong>K\u00f6nizstrasse 161<br \/>3097 Liebefeld<br \/>Schweiz<\/p>\n<p>Telefon: 031 734 39 39<br \/>Email: i&#110;&#x66;&#x6f;&#x40;a&#108;&#x75;&#x72;&#x61;d&#46;&#x63;&#x68;<\/p>\n<p>Gesch\u00e4ftsleitung: Michel Riesen<\/p>\n<p>Firmennummer: CH-035.3.007.904-3<br \/>MwSt. Nr. CHE-104.322.561<\/p>\n<p><span class=\"s1\"><strong>Informations l\u00e9gales sur le site web:<\/strong> <\/span><\/p>\n<p><span class=\"s1\">tous les textes, images et autres informations publi\u00e9es ici sont soumis aux droits d&rsquo;auteur de l&rsquo;exploitant du site, \u00e0 moins qu&rsquo;il n&rsquo;existe des droits d&rsquo;auteur de tiers. Dans tous les cas, une duplication, un traitement ou une reproduction publique n&rsquo;est autoris\u00e9e que dans le cas d&rsquo;un accord r\u00e9vocable et non transf\u00e9rable de l&rsquo;op\u00e9rateur secondaire. <\/span><\/p>\n<p class=\"p1\"><span class=\"s1\">Les liens qui renvoient vers le contenu de ce site Web n\u00e9cessitent l&rsquo;accord de l&rsquo;exploitant du site. Ce consentement doit \u00eatre \u00e0 nouveau appliqu\u00e9 lors de chaque modification fondamentale du contenu du site web, il peut \u00eatre r\u00e9voqu\u00e9 de mani\u00e8re informelle \u00e0 tout moment. Les liens vers des contenus ill\u00e9gaux, offensants, trompeurs ou pour adultes sont dans tous les cas exclus. <\/span><\/p>\n<p class=\"p1\"><span class=\"s1\">Les contenus de notre site internet ont \u00e9t\u00e9 cr\u00e9\u00e9s avec le plus grand soin. N\u00e9anmoins, aucune garantie d&rsquo;actualit\u00e9 et d&rsquo;exhaustivit\u00e9 ne peut \u00eatre assur\u00e9e. L&rsquo;exploitant du site web n&rsquo;accepte aucune responsabilit\u00e9 pour tout contenu web li\u00e9 \u00e0 ce site car il ne s&rsquo;agit pas de son propre contenu.<\/span><\/p>\n<p class=\"p1\"><span class=\"s1\">Les liens externes ont \u00e9t\u00e9 v\u00e9rifi\u00e9s, quant \u00e0 leur contenu ill\u00e9gal, au moment o\u00f9 ces liens n&rsquo;\u00e9taient pas reconnaissables. En ce qui concerne les contenus de tiers, il n&rsquo;y a cependant pas d&rsquo;obligation g\u00e9n\u00e9rale de contr\u00f4le et d&rsquo;audit. <\/span><\/p>\n<p class=\"p1\"><span class=\"s1\">Les marques de commerce et les noms de marque cit\u00e9s sont la propri\u00e9t\u00e9 de leurs propri\u00e9taires respectifs.<\/span><\/p>\n<p><small><a href=\"https:\/\/www.codemonks.ch\" target=\"_blank\" rel=\"noopener\">WordPress Website by codemonks.ch<\/a><\/small><\/p>\n","protected":false},"excerpt":{"rendered":"<p>Alurad.ch AGK\u00f6nizstrasse 1613097 LiebefeldSchweiz Telefon: 031 734 39 39Email: in&#102;&#111;&#64;&#x61;&#x6c;&#x75;&#x72;&#x61;d&#46;&#99;&#104; Gesch\u00e4ftsleitung: Michel Riesen Firmennummer: CH-035.3.007.904-3MwSt. Nr. CHE-104.322.561 Informations l\u00e9gales sur le site web: tous les textes, images et autres informations publi\u00e9es ici sont soumis aux droits d&rsquo;auteur de l&rsquo;exploitant du site, \u00e0 moins qu&rsquo;il n&rsquo;existe des droits d&rsquo;auteur de tiers. Dans tous les cas, une [&hellip;]<\/p>\n","protected":false},"author":1,"featured_media":0,"parent":0,"menu_order":11,"comment_status":"closed","ping_status":"closed","template":"","meta":{"footnotes":""},"_links":{"self":[{"href":"https:\/\/www.vossenwheels.ch\/fr\/wp-json\/wp\/v2\/pages\/49757"}],"collection":[{"href":"https:\/\/www.vossenwheels.ch\/fr\/wp-json\/wp\/v2\/pages"}],"about":[{"href":"https:\/\/www.vossenwheels.ch\/fr\/wp-json\/wp\/v2\/types\/page"}],"author":[{"embeddable":true,"href":"https:\/\/www.vossenwheels.ch\/fr\/wp-json\/wp\/v2\/users\/1"}],"replies":[{"embeddable":true,"href":"https:\/\/www.vossenwheels.ch\/fr\/wp-json\/wp\/v2\/comments?post=49757"}],"version-history":[{"count":2,"href":"https:\/\/www.vossenwheels.ch\/fr\/wp-json\/wp\/v2\/pages\/49757\/revisions"}],"predecessor-version":[{"id":172766,"href":"https:\/\/www.vossenwheels.ch\/fr\/wp-json\/wp\/v2\/pages\/49757\/revisions\/172766"}],"wp:attachment":[{"href":"https:\/\/www.vossenwheels.ch\/fr\/wp-json\/wp\/v2\/media?parent=49757"}],"curies":[{"name":"wp","href":"https:\/\/api.w.org\/{rel}","templated":true}]}}